{"id":37214,"date":"2023-05-25T21:17:01","date_gmt":"2023-05-26T01:17:01","guid":{"rendered":"https:\/\/subwaypr.sandbox.mycloudmenu.com\/site239\/items\/especial-del-dia\/"},"modified":"2023-06-12T16:59:24","modified_gmt":"2023-06-12T20:59:24","slug":"especial-del-dia","status":"publish","type":"product","link":"https:\/\/subwaypr.sandbox.mycloudmenu.com\/site239\/items\/especial-del-dia\/","title":{"rendered":"ESPECIAL DEL D\u00edA"},"excerpt":{"rendered":"<p>Nuestro men\u00fa del d\u00eda <\/p>\n","protected":false},"featured_media":0,"template":"","meta":[],"_links":{"self":[{"href":"https:\/\/subwaypr.sandbox.mycloudmenu.com\/site239\/wp-json\/wp\/v2\/product\/37214"}],"collection":[{"href":"https:\/\/subwaypr.sandbox.mycloudmenu.com\/site239\/wp-json\/wp\/v2\/product"}],"about":[{"href":"https:\/\/subwaypr.sandbox.mycloudmenu.com\/site239\/wp-json\/wp\/v2\/types\/product"}],"version-history":[{"count":0,"href":"https:\/\/subwaypr.sandbox.mycloudmenu.com\/site239\/wp-json\/wp\/v2\/product\/37214\/revisions"}],"wp:attachment":[{"href":"https:\/\/subwaypr.sandbox.mycloudmenu.com\/site239\/wp-json\/wp\/v2\/media?parent=37214"}],"curies":[{"name":"wp","href":"https:\/\/api.w.org\/{rel}","templated":true}]}}