{"id":37086,"date":"2022-08-19T17:51:19","date_gmt":"2022-08-19T21:51:19","guid":{"rendered":"https:\/\/subwaypr.sandbox.mycloudmenu.com\/site259\/items\/chicken-quesadilla-explosion-salad-2\/"},"modified":"2025-02-25T14:23:52","modified_gmt":"2025-02-25T18:23:52","slug":"chicken-quesadilla-explosion-salad-2","status":"publish","type":"product","link":"https:\/\/subwaypr.sandbox.mycloudmenu.com\/site259\/items\/chicken-quesadilla-explosion-salad-2\/","title":{"rendered":"Quesadilla Explosion Salad"},"excerpt":{"rendered":"<p>Tu opci\u00f3n de prote\u00edna, queso mixto, tomate picado, tiritas de tortillas crujientes y una mezcla de ma\u00edz y frijoles negros.<br \/>\nServida con aderezo ancho ranch y bals\u00e1mico c\u00edtrico con quesadillas de queso.<\/p>\n","protected":false},"featured_media":42573,"template":"","meta":[],"_links":{"self":[{"href":"https:\/\/subwaypr.sandbox.mycloudmenu.com\/site259\/wp-json\/wp\/v2\/product\/37086"}],"collection":[{"href":"https:\/\/subwaypr.sandbox.mycloudmenu.com\/site259\/wp-json\/wp\/v2\/product"}],"about":[{"href":"https:\/\/subwaypr.sandbox.mycloudmenu.com\/site259\/wp-json\/wp\/v2\/types\/product"}],"version-history":[{"count":2,"href":"https:\/\/subwaypr.sandbox.mycloudmenu.com\/site259\/wp-json\/wp\/v2\/product\/37086\/revisions"}],"predecessor-version":[{"id":42574,"href":"https:\/\/subwaypr.sandbox.mycloudmenu.com\/site259\/wp-json\/wp\/v2\/product\/37086\/revisions\/42574"}],"wp:featuredmedia":[{"embeddable":true,"href":"https:\/\/subwaypr.sandbox.mycloudmenu.com\/site259\/wp-json\/wp\/v2\/media\/42573"}],"wp:attachment":[{"href":"https:\/\/subwaypr.sandbox.mycloudmenu.com\/site259\/wp-json\/wp\/v2\/media?parent=37086"}],"curies":[{"name":"wp","href":"https:\/\/api.w.org\/{rel}","templated":true}]}}