{"id":36996,"date":"2022-08-18T02:54:49","date_gmt":"2022-08-18T06:54:49","guid":{"rendered":"https:\/\/subwaypr.sandbox.mycloudmenu.com\/site271\/items\/chuleton-de-ternera-2\/"},"modified":"2024-01-25T13:58:39","modified_gmt":"2024-01-25T17:58:39","slug":"chuleton-de-ternera-2","status":"publish","type":"product","link":"https:\/\/subwaypr.sandbox.mycloudmenu.com\/site271\/items\/chuleton-de-ternera-2\/","title":{"rendered":"Chulet\u00f3n de Ternera"},"excerpt":{"rendered":"<p>Ternera gratinada con Queso Manchego en salsa R\u00f3mulo. Incluye un acompa\u00f1ante<\/p>\n","protected":false},"featured_media":0,"template":"","meta":[],"_links":{"self":[{"href":"https:\/\/subwaypr.sandbox.mycloudmenu.com\/site271\/wp-json\/wp\/v2\/product\/36996"}],"collection":[{"href":"https:\/\/subwaypr.sandbox.mycloudmenu.com\/site271\/wp-json\/wp\/v2\/product"}],"about":[{"href":"https:\/\/subwaypr.sandbox.mycloudmenu.com\/site271\/wp-json\/wp\/v2\/types\/product"}],"version-history":[{"count":1,"href":"https:\/\/subwaypr.sandbox.mycloudmenu.com\/site271\/wp-json\/wp\/v2\/product\/36996\/revisions"}],"predecessor-version":[{"id":37059,"href":"https:\/\/subwaypr.sandbox.mycloudmenu.com\/site271\/wp-json\/wp\/v2\/product\/36996\/revisions\/37059"}],"wp:attachment":[{"href":"https:\/\/subwaypr.sandbox.mycloudmenu.com\/site271\/wp-json\/wp\/v2\/media?parent=36996"}],"curies":[{"name":"wp","href":"https:\/\/api.w.org\/{rel}","templated":true}]}}