{"id":37001,"date":"2022-08-18T02:54:50","date_gmt":"2022-08-18T06:54:50","guid":{"rendered":"https:\/\/subwaypr.sandbox.mycloudmenu.com\/site271\/items\/filete-de-rodaballo-2\/"},"modified":"2024-05-14T15:14:31","modified_gmt":"2024-05-14T19:14:31","slug":"filete-de-rodaballo-2","status":"publish","type":"product","link":"https:\/\/subwaypr.sandbox.mycloudmenu.com\/site271\/items\/filete-de-rodaballo-2\/","title":{"rendered":"Filete de Rodaballo"},"excerpt":{"rendered":"<p>En Mantequilla, salsa de lim\u00f3n y alcaparras \u00f3 Al ajillo. Incluye un acompa\u00f1ante<\/p>\n","protected":false},"featured_media":37114,"template":"","meta":[],"_links":{"self":[{"href":"https:\/\/subwaypr.sandbox.mycloudmenu.com\/site271\/wp-json\/wp\/v2\/product\/37001"}],"collection":[{"href":"https:\/\/subwaypr.sandbox.mycloudmenu.com\/site271\/wp-json\/wp\/v2\/product"}],"about":[{"href":"https:\/\/subwaypr.sandbox.mycloudmenu.com\/site271\/wp-json\/wp\/v2\/types\/product"}],"version-history":[{"count":1,"href":"https:\/\/subwaypr.sandbox.mycloudmenu.com\/site271\/wp-json\/wp\/v2\/product\/37001\/revisions"}],"predecessor-version":[{"id":37055,"href":"https:\/\/subwaypr.sandbox.mycloudmenu.com\/site271\/wp-json\/wp\/v2\/product\/37001\/revisions\/37055"}],"wp:featuredmedia":[{"embeddable":true,"href":"https:\/\/subwaypr.sandbox.mycloudmenu.com\/site271\/wp-json\/wp\/v2\/media\/37114"}],"wp:attachment":[{"href":"https:\/\/subwaypr.sandbox.mycloudmenu.com\/site271\/wp-json\/wp\/v2\/media?parent=37001"}],"curies":[{"name":"wp","href":"https:\/\/api.w.org\/{rel}","templated":true}]}}