{"id":37008,"date":"2022-08-18T02:54:52","date_gmt":"2022-08-18T06:54:52","guid":{"rendered":"https:\/\/subwaypr.sandbox.mycloudmenu.com\/site271\/items\/salmon-a-la-parrilla-2\/"},"modified":"2024-01-25T13:55:34","modified_gmt":"2024-01-25T17:55:34","slug":"salmon-a-la-parrilla-2","status":"publish","type":"product","link":"https:\/\/subwaypr.sandbox.mycloudmenu.com\/site271\/items\/salmon-a-la-parrilla-2\/","title":{"rendered":"Salmon a la Sart\u00e9n"},"excerpt":{"rendered":"<p>Marinado en aceite de cilantro, ajo, alcaparras y lim\u00f3n. Incluye un acompa\u00f1ante<\/p>\n","protected":false},"featured_media":0,"template":"","meta":[],"_links":{"self":[{"href":"https:\/\/subwaypr.sandbox.mycloudmenu.com\/site271\/wp-json\/wp\/v2\/product\/37008"}],"collection":[{"href":"https:\/\/subwaypr.sandbox.mycloudmenu.com\/site271\/wp-json\/wp\/v2\/product"}],"about":[{"href":"https:\/\/subwaypr.sandbox.mycloudmenu.com\/site271\/wp-json\/wp\/v2\/types\/product"}],"version-history":[{"count":2,"href":"https:\/\/subwaypr.sandbox.mycloudmenu.com\/site271\/wp-json\/wp\/v2\/product\/37008\/revisions"}],"predecessor-version":[{"id":37077,"href":"https:\/\/subwaypr.sandbox.mycloudmenu.com\/site271\/wp-json\/wp\/v2\/product\/37008\/revisions\/37077"}],"wp:attachment":[{"href":"https:\/\/subwaypr.sandbox.mycloudmenu.com\/site271\/wp-json\/wp\/v2\/media?parent=37008"}],"curies":[{"name":"wp","href":"https:\/\/api.w.org\/{rel}","templated":true}]}}