{"id":37159,"date":"2022-08-18T04:56:32","date_gmt":"2022-08-18T08:56:32","guid":{"rendered":"https:\/\/subwaypr.sandbox.mycloudmenu.com\/site57\/items\/lasana-de-carne-molida-2\/"},"modified":"2025-03-18T12:25:13","modified_gmt":"2025-03-18T16:25:13","slug":"lasana-de-carne-molida-2","status":"publish","type":"product","link":"https:\/\/subwaypr.sandbox.mycloudmenu.com\/site57\/items\/lasana-de-carne-molida-2\/","title":{"rendered":"Lasa\u00f1a de Carne Molida"},"excerpt":{"rendered":"<p>Salsa Roja de la casa y combinaci\u00f3n de Quesos, Arroz Caribe\u00f1o y Papas Salteadas<\/p>\n","protected":false},"featured_media":37914,"template":"","meta":[],"_links":{"self":[{"href":"https:\/\/subwaypr.sandbox.mycloudmenu.com\/site57\/wp-json\/wp\/v2\/product\/37159"}],"collection":[{"href":"https:\/\/subwaypr.sandbox.mycloudmenu.com\/site57\/wp-json\/wp\/v2\/product"}],"about":[{"href":"https:\/\/subwaypr.sandbox.mycloudmenu.com\/site57\/wp-json\/wp\/v2\/types\/product"}],"version-history":[{"count":1,"href":"https:\/\/subwaypr.sandbox.mycloudmenu.com\/site57\/wp-json\/wp\/v2\/product\/37159\/revisions"}],"predecessor-version":[{"id":37406,"href":"https:\/\/subwaypr.sandbox.mycloudmenu.com\/site57\/wp-json\/wp\/v2\/product\/37159\/revisions\/37406"}],"wp:featuredmedia":[{"embeddable":true,"href":"https:\/\/subwaypr.sandbox.mycloudmenu.com\/site57\/wp-json\/wp\/v2\/media\/37914"}],"wp:attachment":[{"href":"https:\/\/subwaypr.sandbox.mycloudmenu.com\/site57\/wp-json\/wp\/v2\/media?parent=37159"}],"curies":[{"name":"wp","href":"https:\/\/api.w.org\/{rel}","templated":true}]}}